{"id":119,"date":"2023-04-30T16:38:12","date_gmt":"2023-04-30T14:38:12","guid":{"rendered":"https:\/\/emilieconsulting.fr\/?page_id=119"},"modified":"2025-06-30T16:00:03","modified_gmt":"2025-06-30T14:00:03","slug":"accompagnement-recrutement-montpellier","status":"publish","type":"page","link":"https:\/\/emilieconsulting.fr\/index.php\/accompagnement-recrutement-montpellier\/","title":{"rendered":"Accompagnement Recrutement"},"content":{"rendered":"\n<div class=\"wp-block-group\" style=\"padding-top:var(--wp--preset--spacing--70)\"><div class=\"wp-block-group__inner-container is-layout-constrained wp-block-group-is-layout-constrained\">\n<h1 class=\"wp-block-heading has-text-align-center\" style=\"padding-top:var(--wp--preset--spacing--50);padding-bottom:var(--wp--preset--spacing--50)\"><strong>Accompagnement strat\u00e9gique avant recrutement<\/strong><\/h1>\n\n\n\n<h2 class=\"wp-block-heading\"><strong><span style=\"color: var(--nv-c-1);\" class=\"stk-highlight\">Optimisez votre organisation et prenez les bonnes d\u00e9cisions<\/span><\/strong><\/h2>\n\n\n\n<p>Vous vous demandez comment structurer au mieux votre \u00e9quipe : faut-il r\u00e9ellement embaucher ou envisager d\u2019autres alternatives ? Si l\u2019embauche est la solution, quel poste cibler ?<br>Et si le recrutement bloque, les raisons sont-elles claires : manque d\u2019attractivit\u00e9, processus inadapt\u00e9 ou poste mal d\u00e9fini ?<\/p>\n<\/div><\/div>\n\n\n\n<p>Avec ma vision syst\u00e9mique et humaine de l\u2019entreprise, clarifiez vos objectifs, comprenez les dynamiques internes et orientez vos actions avec justesse. Vous prendrez des d\u00e9cisions \u00e9clair\u00e9es pour renforcer la coh\u00e9sion et la performance de votre organisation.<\/p>\n\n\n\n<div class=\"wp-block-group\"><div class=\"wp-block-group__inner-container is-layout-constrained wp-block-group-is-layout-constrained\">\n<h2 class=\"wp-block-heading has-text-align-left\"><strong><strong><span style=\"color: var(--nv-c-1);\" class=\"stk-highlight\">Faire les bons choix avant l\u2019embauche : <\/span><\/strong><\/strong><\/h2>\n\n\n\n<div class=\"wp-block-columns is-layout-flex wp-container-core-columns-is-layout-9d6595d7 wp-block-columns-is-layout-flex\">\n<div class=\"wp-block-column is-layout-flow wp-block-column-is-layout-flow\" style=\"flex-basis:400px\"><div class=\"wp-block-image\">\n<figure class=\"aligncenter size-full is-resized\"><img loading=\"lazy\" decoding=\"async\" width=\"1200\" height=\"1200\" src=\"https:\/\/emilieconsulting.fr\/wp-content\/uploads\/2025\/06\/EC_Consulting_accompagnement_recrutement.webp\" alt=\"\" class=\"wp-image-1661\" style=\"object-fit:cover;width:350px;height:200px\" srcset=\"https:\/\/emilieconsulting.fr\/wp-content\/uploads\/2025\/06\/EC_Consulting_accompagnement_recrutement.webp 1200w, https:\/\/emilieconsulting.fr\/wp-content\/uploads\/2025\/06\/EC_Consulting_accompagnement_recrutement-300x300.webp 300w, https:\/\/emilieconsulting.fr\/wp-content\/uploads\/2025\/06\/EC_Consulting_accompagnement_recrutement-1024x1024.webp 1024w, https:\/\/emilieconsulting.fr\/wp-content\/uploads\/2025\/06\/EC_Consulting_accompagnement_recrutement-150x150.webp 150w, https:\/\/emilieconsulting.fr\/wp-content\/uploads\/2025\/06\/EC_Consulting_accompagnement_recrutement-768x768.webp 768w\" sizes=\"auto, (max-width: 1200px) 100vw, 1200px\" \/><\/figure>\n<\/div><\/div>\n\n\n\n<div class=\"wp-block-column Neve - Accent secondaire is-layout-flow wp-block-column-is-layout-flow\">\n<ul class=\"wp-block-list liste-terra-cotta\">\n<li>Vous avez des doutes sur la n\u00e9cessit\u00e9 d\u2019un recrutement et souhaitez une analyse approfondie.<\/li>\n\n\n\n<li>Vous voulez comprendre les dynamiques internes de votre entreprise avant d\u2019int\u00e9grer un nouveau collaborateur.<\/li>\n\n\n\n<li>Vous ressentez des blocages au sein de votre \u00e9quipe et souhaitez optimiser la collaboration.<\/li>\n<\/ul>\n<\/div>\n<\/div>\n<\/div><\/div>\n\n\n\n<div class=\"wp-block-group\" style=\"padding-top:var(--wp--preset--spacing--40)\"><div class=\"wp-block-group__inner-container is-layout-constrained wp-block-group-is-layout-constrained\">\n<h2 class=\"wp-block-heading has-text-align-left\"><strong><strong><strong><span style=\"color: var(--nv-c-1);\" class=\"stk-highlight\">D\u00e9roulement de l\u2019audit et mise en place de l\u2019accompagnement pr\u00e9 recrutement<\/span><\/strong><\/strong><\/strong><\/h2>\n\n\n\n<h3 class=\"wp-block-heading has-text-align-left\"><strong>Une approche en plusieurs \u00e9tapes pour vous offrir une vision claire et des recommandations adapt\u00e9es :<\/strong><\/h3>\n\n\n\n<div class=\"wp-block-stackable-tabs stk-block-tabs stk-block stk-522b1b1\" data-initial-tab=\"1\" data-block-id=\"522b1b1\"><style>.stk-522b1b1 {margin-bottom:40px !important;}<\/style><div class=\"stk-row stk-inner-blocks stk-block-content stk-block-tabs--vertical stk-block-tabs--fade stk-content-align stk-522b1b1-column\">\n<div class=\"wp-block-stackable-tab-labels stk-block-tab-labels stk-block stk-673e1fa is-style-buttons\" data-block-id=\"673e1fa\"><style>.stk-673e1fa .stk-block-tabs__tab{color:#999999 !important;background:#ece0c6 !important;border-top-left-radius:4px !important;border-top-right-radius:4px !important;border-bottom-right-radius:4px !important;border-bottom-left-radius:4px !important;border-color:transparent !important;border-top-width:0px !important;border-right-width:0px !important;border-bottom-width:2px !important;border-left-width:0px !important;}.stk-673e1fa .stk-block-tabs__tab.stk-block-tabs__tab--active .stk-block-tab-labels__text{color:#ffffff !important;}.stk-673e1fa {overflow:hidden !important;}.stk-673e1fa .stk-block-tab-labels__text{color:#999999 !important;}.stk-673e1fa .stk-block-tabs__tab:not(.stk-block-tabs__tab--active):hover{background:#eeeeee !important;opacity:1 !important;}.stk-673e1fa .stk-block-tabs__tab .stk--inner-svg svg:last-child, .stk-673e1fa .stk-block-tabs__tab .stk--inner-svg svg:last-child :is(g, path, rect, polygon, ellipse){fill:var(--custom-3) !important;}.stk-673e1fa .stk-block-tabs__tab.stk-block-tabs__tab--active{background:var(--nv-c-1) !important;border-color:#000000 !important;}.stk-673e1fa .stk-block-tabs__tab.stk-block-tabs__tab--active .stk--inner-svg svg:last-child, .stk-673e1fa .stk-block-tabs__tab.stk-block-tabs__tab--active .stk--inner-svg svg:last-child :is(g, path, rect, polygon, ellipse){fill:#ffffff !important;}<\/style><div class=\"stk-block-tab-labels__wrapper\" role=\"tablist\"><button class=\"stk-block-tabs__tab\" role=\"tab\"><div class=\"stk-block-tab-labels__text\"><span><strong><strong>Entretien individuel avec le dirigeant<\/strong><\/strong><\/span><\/div><\/button><button class=\"stk-block-tabs__tab\" role=\"tab\"><div class=\"stk-block-tab-labels__text\"><span><strong>Entretien individuel avec les salari\u00e9s<\/strong><\/span><\/div><\/button><button class=\"stk-block-tabs__tab\" role=\"tab\"><div class=\"stk-block-tab-labels__text\"><span><strong><strong><strong>Analyse syst\u00e9mique avec le dirigeant<\/strong><\/strong><\/strong><\/span><\/div><\/button><button class=\"stk-block-tabs__tab\" role=\"tab\"><div class=\"stk-block-tab-labels__text\"><span><strong>Compte rendu d\u00e9taill\u00e9<\/strong><\/span><\/div><\/button><\/div><\/div>\n\n\n\n<div class=\"wp-block-stackable-tab-content stk-block-tab-content stk-block stk-fd18fb3\" data-block-id=\"fd18fb3\"><div class=\"stk-row stk-inner-blocks stk-block-content stk-content-align stk-fd18fb3-column\">\n<div class=\"wp-block-stackable-column stk-block-column stk-column stk-block stk-c5826ef\" data-v=\"4\" role=\"tabpanel\" data-block-id=\"c5826ef\"><div class=\"stk-column-wrapper stk-block-column__content stk-container stk-c5826ef-container stk--no-background stk--no-padding\"><div class=\"stk-block-content stk-inner-blocks stk-c5826ef-inner-blocks\">\n<p>Analyse des besoins, r\u00e9flexion strat\u00e9gique et premi\u00e8res pistes d\u2019optimisation.<\/p>\n<\/div><\/div><\/div>\n\n\n\n<div class=\"wp-block-stackable-column stk-block-column stk-column stk-block stk-ca2a538\" data-v=\"4\" role=\"tabpanel\" data-block-id=\"ca2a538\"><div class=\"stk-column-wrapper stk-block-column__content stk-container stk-ca2a538-container stk--no-background stk--no-padding\"><div class=\"stk-block-content stk-inner-blocks stk-ca2a538-inner-blocks\">\n<p>Entretien individuel avec chaque membre de l\u2019\u00e9quipe (3 salari\u00e9s)<br>\u00c9changes personnalis\u00e9s pour comprendre les perceptions, enjeux et axes d\u2019am\u00e9lioration.<\/p>\n<\/div><\/div><\/div>\n\n\n\n<div class=\"wp-block-stackable-column stk-block-column stk-column stk-block stk-956b5d4\" data-v=\"4\" role=\"tabpanel\" data-block-id=\"956b5d4\"><div class=\"stk-column-wrapper stk-block-column__content stk-container stk-956b5d4-container stk--no-background stk--no-padding\"><div class=\"stk-block-content stk-inner-blocks stk-956b5d4-inner-blocks\">\n<p>Mise en lumi\u00e8re des interactions internes et des leviers d\u2019action pour renforcer la coh\u00e9sion et l\u2019efficacit\u00e9.<\/p>\n<\/div><\/div><\/div>\n\n\n\n<div class=\"wp-block-stackable-column stk-block-column stk-column stk-block stk-5d696d0\" data-v=\"4\" role=\"tabpanel\" data-block-id=\"5d696d0\"><div class=\"stk-column-wrapper stk-block-column__content stk-container stk-5d696d0-container stk--no-background stk--no-padding\"><div class=\"stk-block-content stk-inner-blocks stk-5d696d0-inner-blocks\">\n<p>Restitution individuelle des entretiens et recommandations sur le recrutement et l\u2019optimisation de l\u2019organisation.<\/p>\n<\/div><\/div><\/div>\n<\/div><\/div>\n<\/div><\/div>\n\n\n\n<p>Cet accompagnement ne se limite pas \u00e0 l\u2019analyse. Il permet \u00e9galement d\u2019identifier les ajustements n\u00e9cessaires en amont d\u2019un recrutement pour garantir une int\u00e9gration r\u00e9ussie.<br><\/p>\n<\/div><\/div>\n\n\n\n<div class=\"wp-block-group\" style=\"padding-bottom:var(--wp--preset--spacing--30)\"><div class=\"wp-block-group__inner-container is-layout-constrained wp-block-group-is-layout-constrained\">\n<h2 class=\"wp-block-heading\"><strong><span style=\"color: var(--nv-c-1);\" class=\"stk-highlight\">\u00c0 qui s\u2019adresse cet accompagnement ?<\/span><\/strong><\/h2>\n\n\n\n<ul class=\"wp-block-list liste-terra-cotta\">\n<li><strong>TPE et PME<\/strong> (jusqu\u2019\u00e0 50 salari\u00e9s)<\/li>\n\n\n\n<li><strong>Filiales ou services<\/strong> (+ de 50 salari\u00e9s) en qu\u00eate d\u2019optimisation organisationnelle et d\u00e9cisionnelle.<\/li>\n<\/ul>\n<\/div><\/div>\n\n\n\n<div class=\"wp-block-group\"><div class=\"wp-block-group__inner-container is-layout-constrained wp-block-group-is-layout-constrained\">\n<p class=\"has-text-align-center has-medium-font-size\"><strong>Vous souhaitez s\u00e9curiser vos embauches avec un accompagnement adapt\u00e9 ?<\/strong><\/p>\n\n\n\n<div class=\"wp-block-buttons is-content-justification-center is-layout-flex wp-container-core-buttons-is-layout-e1fe7067 wp-block-buttons-is-layout-flex\" style=\"padding-bottom:var(--wp--preset--spacing--60)\">\n<div class=\"wp-block-button is-style-default\"><a class=\"wp-block-button__link has-nv-c-1-background-color has-background wp-element-button\" href=\"https:\/\/emilieconsulting.fr\/index.php\/contact\/\" style=\"border-style:none;border-width:0px;border-radius:25px\"><strong><span style=\"color: #fefefe;\" class=\"stk-highlight\"><strong><span style=\"color: #ffffff;\" class=\"stk-highlight\">Contactez-moi pour un devis personnalis\u00e9<\/span><\/strong><\/span><\/strong><\/a><\/div>\n<\/div>\n<\/div><\/div>\n\n\n\n<div class=\"wp-block-group\" style=\"padding-bottom:var(--wp--preset--spacing--40)\"><div class=\"wp-block-group__inner-container is-layout-constrained wp-block-group-is-layout-constrained\">\n<h2 class=\"wp-block-heading\"><strong><span style=\"color: var(--nv-c-1);\" class=\"stk-highlight\">Modalit\u00e9s<\/span><\/strong><\/h2>\n\n\n\n<div class=\"wp-block-stackable-icon-box stk-block-icon-box stk-block stk-d51c057\" data-v=\"2\" data-block-id=\"d51c057\"><div class=\"stk-block-content stk-inner-blocks stk-block-icon-box__content stk-container stk-d51c057-container stk--no-background stk--no-padding\">\n<div class=\"wp-block-stackable-icon-label stk-block-icon-label stk-block stk-176a88a\" data-block-id=\"176a88a\"><style>.stk-176a88a {margin-bottom:20px !important;}<\/style><div class=\"stk-row stk-inner-blocks stk-block-content\">\n<div class=\"wp-block-stackable-icon stk-block-icon has-text-align-left stk-block stk-3ed7cec\" data-block-id=\"3ed7cec\"><style>.stk-3ed7cec .stk--svg-wrapper .stk--inner-svg svg:last-child, .stk-3ed7cec .stk--svg-wrapper .stk--inner-svg svg:last-child :is(g, path, rect, polygon, ellipse){fill:var(--custom-4) !important;}.stk-3ed7cec .stk--svg-wrapper .stk--inner-svg{padding:0px !important;}<\/style><span class=\"stk--svg-wrapper\"><div class=\"stk--inner-svg\"><svg style=\"height:0;width:0\"><defs><linearGradient id=\"linear-gradient-3ed7cec\" x1=\"0\" x2=\"100%\" y1=\"0\" y2=\"0\"><stop offset=\"0%\" style=\"stop-opacity:1;stop-color:var(--linear-gradient-3-ed-7-cec-color-1)\"><\/stop><stop offset=\"100%\" style=\"stop-opacity:1;stop-color:var(--linear-gradient-3-ed-7-cec-color-2)\"><\/stop><\/linearGradient><\/defs><\/svg><svg xmlns=\"http:\/\/www.w3.org\/2000\/svg\" viewBox=\"0 0 320 512\" aria-hidden=\"true\" width=\"32\" height=\"32\"><path d=\"M48.1 240c-.1 2.7-.1 5.3-.1 8v16c0 2.7 0 5.3 .1 8H32c-17.7 0-32 14.3-32 32s14.3 32 32 32H60.3C89.9 419.9 170 480 264 480h24c17.7 0 32-14.3 32-32s-14.3-32-32-32H264c-57.9 0-108.2-32.4-133.9-80H256c17.7 0 32-14.3 32-32s-14.3-32-32-32H112.2c-.1-2.6-.2-5.3-.2-8V248c0-2.7 .1-5.4 .2-8H256c17.7 0 32-14.3 32-32s-14.3-32-32-32H130.1c25.7-47.6 76-80 133.9-80h24c17.7 0 32-14.3 32-32s-14.3-32-32-32H264C170 32 89.9 92.1 60.3 176H32c-17.7 0-32 14.3-32 32s14.3 32 32 32H48.1z\"><\/path><\/svg><\/div><\/span><\/div>\n\n\n\n<div class=\"wp-block-stackable-heading stk-block-heading stk-block-heading--v2 stk-block stk-6178d4e\" id=\"strong-a-partir-de-strong-2000-\u20ac-net-de-taxes-strong-pour-strong-10-heures-daccompagnement-strong-strong\" data-block-id=\"6178d4e\"><h4 class=\"stk-block-heading__text\"><strong>\u00c0 partir de <strong>2000 \u20ac net de taxes<\/strong> pour <strong>10 heures d\u2019accompagnement<\/strong><\/strong><\/h4><\/div>\n<\/div><\/div>\n\n\n\n<div class=\"wp-block-stackable-icon-label stk-block-icon-label stk-block stk-354f07f\" data-block-id=\"354f07f\"><style>.stk-354f07f {margin-bottom:0px !important;}<\/style><div class=\"stk-row stk-inner-blocks stk-block-content\">\n<div class=\"wp-block-stackable-icon stk-block-icon has-text-align-left stk-block stk-452f0d0\" data-block-id=\"452f0d0\"><style>.stk-452f0d0 .stk--svg-wrapper .stk--inner-svg svg:last-child, .stk-452f0d0 .stk--svg-wrapper .stk--inner-svg svg:last-child :is(g, path, rect, polygon, ellipse){fill:var(--custom-4) !important;}<\/style><span class=\"stk--svg-wrapper\"><div class=\"stk--inner-svg\"><svg style=\"height:0;width:0\"><defs><linearGradient id=\"linear-gradient-452f0d0\" x1=\"0\" x2=\"100%\" y1=\"0\" y2=\"0\"><stop offset=\"0%\" style=\"stop-opacity:1;stop-color:var(--linear-gradient-452-f-0-d-0-color-1)\"><\/stop><stop offset=\"100%\" style=\"stop-opacity:1;stop-color:var(--linear-gradient-452-f-0-d-0-color-2)\"><\/stop><\/linearGradient><\/defs><\/svg><svg xmlns=\"http:\/\/www.w3.org\/2000\/svg\" viewBox=\"0 0 384 512\" aria-hidden=\"true\" width=\"32\" height=\"32\"><path d=\"M215.7 499.2C267 435 384 279.4 384 192C384 86 298 0 192 0S0 86 0 192c0 87.4 117 243 168.3 307.2c12.3 15.3 35.1 15.3 47.4 0zM192 128a64 64 0 1 1 0 128 64 64 0 1 1 0-128z\"><\/path><\/svg><\/div><\/span><\/div>\n\n\n\n<div class=\"wp-block-stackable-heading stk-block-heading stk-block-heading--v2 stk-block stk-18f8dfc\" id=\"span-style-color-var-nv-text-color-class-stk-highlight-strong-en-presentiel-strong-span-disponible-a-strong-montpellier-strong-et-partout-en-strong-occitanie-strong\" data-block-id=\"18f8dfc\"><h4 class=\"stk-block-heading__text\"><span style=\"color: var(--nv-text-color);\" class=\"stk-highlight\"><strong>En pr\u00e9sentiel&nbsp;:<\/strong><\/span> <strong>Montpellier<\/strong> et <strong>Occitanie<\/strong><\/h4><\/div>\n<\/div><\/div>\n\n\n\n<div class=\"wp-block-stackable-icon-label stk-block-icon-label stk-block stk-394e04c\" data-block-id=\"394e04c\"><style>.stk-394e04c {border-top-left-radius:0px !important;border-top-right-radius:0px !important;border-bottom-right-radius:0px !important;border-bottom-left-radius:0px !important;overflow:hidden !important;padding-top:31px !important;padding-bottom:0px !important;margin-bottom:0px !important;}<\/style><div class=\"stk-row stk-inner-blocks stk-block-content\">\n<div class=\"wp-block-stackable-icon stk-block-icon has-text-align-left stk-block stk-c24683b\" data-block-id=\"c24683b\"><style>.stk-c24683b .stk--svg-wrapper .stk--inner-svg svg:last-child, .stk-c24683b .stk--svg-wrapper .stk--inner-svg svg:last-child :is(g, path, rect, polygon, ellipse){fill:var(--custom-4) !important;}<\/style><span class=\"stk--svg-wrapper\"><div class=\"stk--inner-svg\"><svg style=\"height:0;width:0\"><defs><linearGradient id=\"linear-gradient-c24683b\" x1=\"0\" x2=\"100%\" y1=\"0\" y2=\"0\"><stop offset=\"0%\" style=\"stop-opacity:1;stop-color:var(--linear-gradient-c-24683-b-color-1)\"><\/stop><stop offset=\"100%\" style=\"stop-opacity:1;stop-color:var(--linear-gradient-c-24683-b-color-2)\"><\/stop><\/linearGradient><\/defs><\/svg><svg xmlns=\"http:\/\/www.w3.org\/2000\/svg\" viewBox=\"0 0 576 512\" aria-hidden=\"true\" width=\"32\" height=\"32\"><path d=\"M64 0C28.7 0 0 28.7 0 64V352c0 35.3 28.7 64 64 64H240l-10.7 32H160c-17.7 0-32 14.3-32 32s14.3 32 32 32H416c17.7 0 32-14.3 32-32s-14.3-32-32-32H346.7L336 416H512c35.3 0 64-28.7 64-64V64c0-35.3-28.7-64-64-64H64zM512 64V288H64V64H512z\"><\/path><\/svg><\/div><\/span><\/div>\n\n\n\n<div class=\"wp-block-stackable-heading stk-block-heading stk-block-heading--v2 stk-block stk-723790b\" id=\"span-style-color-var-nv-text-color-class-stk-highlight-strong-a-distance-strong-en-strong-visioconference-strong-span\" data-block-id=\"723790b\"><h4 class=\"stk-block-heading__text\"><span style=\"color: var(--nv-text-color);\" class=\"stk-highlight\"><strong>\u00c0 distance&nbsp;: T\u00e9l\u00e9phone ou<\/strong> <strong>Visioconf\u00e9rence<\/strong><\/span><\/h4><\/div>\n<\/div><\/div>\n<\/div><\/div>\n<\/div><\/div>\n","protected":false},"excerpt":{"rendered":"<p>Accompagnement strat\u00e9gique avant recrutement Optimisez votre organisation et prenez les bonnes d\u00e9cisions Vous vous demandez comment structurer au mieux votre \u00e9quipe : faut-il r\u00e9ellement embaucher ou envisager d\u2019autres alternatives ? Si l\u2019embauche est la solution, quel poste cibler ?Et si le recrutement bloque, les raisons sont-elles claires : manque d\u2019attractivit\u00e9, processus inadapt\u00e9 ou poste mal&hellip;&nbsp;<a href=\"https:\/\/emilieconsulting.fr\/index.php\/accompagnement-recrutement-montpellier\/\" rel=\"bookmark\">Lire la suite &raquo;<span class=\"screen-reader-text\">Accompagnement Recrutement<\/span><\/a><\/p>\n","protected":false},"author":1,"featured_media":0,"parent":0,"menu_order":0,"comment_status":"closed","ping_status":"closed","template":"","meta":{"neve_meta_sidebar":"","neve_meta_container":"","neve_meta_enable_content_width":"","neve_meta_content_width":0,"neve_meta_title_alignment":"","neve_meta_author_avatar":"","neve_post_elements_order":"","neve_meta_disable_header":"","neve_meta_disable_footer":"","neve_meta_disable_title":"on","_glsr_average":0,"_glsr_ranking":0,"_glsr_reviews":0,"footnotes":""},"class_list":["post-119","page","type-page","status-publish","hentry"],"_links":{"self":[{"href":"https:\/\/emilieconsulting.fr\/index.php\/wp-json\/wp\/v2\/pages\/119","targetHints":{"allow":["GET"]}}],"collection":[{"href":"https:\/\/emilieconsulting.fr\/index.php\/wp-json\/wp\/v2\/pages"}],"about":[{"href":"https:\/\/emilieconsulting.fr\/index.php\/wp-json\/wp\/v2\/types\/page"}],"author":[{"embeddable":true,"href":"https:\/\/emilieconsulting.fr\/index.php\/wp-json\/wp\/v2\/users\/1"}],"replies":[{"embeddable":true,"href":"https:\/\/emilieconsulting.fr\/index.php\/wp-json\/wp\/v2\/comments?post=119"}],"version-history":[{"count":101,"href":"https:\/\/emilieconsulting.fr\/index.php\/wp-json\/wp\/v2\/pages\/119\/revisions"}],"predecessor-version":[{"id":1662,"href":"https:\/\/emilieconsulting.fr\/index.php\/wp-json\/wp\/v2\/pages\/119\/revisions\/1662"}],"wp:attachment":[{"href":"https:\/\/emilieconsulting.fr\/index.php\/wp-json\/wp\/v2\/media?parent=119"}],"curies":[{"name":"wp","href":"https:\/\/api.w.org\/{rel}","templated":true}]}}